{"id":4929,"date":"2013-12-11T09:55:56","date_gmt":"2013-12-11T08:55:56","guid":{"rendered":"https:\/\/spacetux.org\/cpamoa\/?page_id=4929"},"modified":"2014-03-11T08:56:50","modified_gmt":"2014-03-11T07:56:50","slug":"traductions","status":"publish","type":"page","link":"https:\/\/spacetux.org\/cpamoa\/traductions\/","title":{"rendered":"Traductions"},"content":{"rendered":"<p>Vous trouverez sous ce menu toutes les traductions des notes de blogs \u00e9crites par la promotion 2009 des astronautes de l&rsquo;ESA.<\/p>\n<p>Pour lire les articles depuis le d\u00e9but dans l&rsquo;ordre chronologique, passez par ce menu.<\/p>\n<p>Pour lire les derni\u00e8res traductions, passez par les cat\u00e9gories suivantes :<\/p>\n<ul>\n<li><a href=\"https:\/\/spacetux.org\/cpamoa\/category\/shenanigans\/\">Shenanigans<\/a><\/li>\n<li><a title=\"Lien vers les articles du blog de Luca Parmitano\" href=\"https:\/\/spacetux.org\/cpamoa\/category\/blog-luca\/\">Le\u00a0Blog de Luca\u00a0Parmitano<\/a><\/li>\n<li><a title=\"Lien vers les articles du journal de bord de Samantha Cristoforetti\" href=\"https:\/\/spacetux.org\/cpamoa\/category\/logbook-samantha\/\">Le\u00a0Journal de bord de Samantha\u00a0Cristoforetti<\/a><\/li>\n<li><a title=\"Lien vers les articles du blog d'Alexander Gerst\" href=\"https:\/\/spacetux.org\/cpamoa\/category\/traductions\/blog-alexander-gerst\/\" target=\"_blank\">Le Blog d&rsquo;Alexander Gerst<\/a><\/li>\n<\/ul>\n<p>Les articles peuvent \u00eatre lus dans leur version originale sur le site web de l&rsquo;ESA :<\/p>\n<ul>\n<li><a title=\"Le blog de l'entra\u00eenement des astronautes de l'ESA sur le site de l'ESA\" href=\"http:\/\/blogs.esa.int\/astronauts\/\" target=\"_blank\">Le blog de l&rsquo;entra\u00eenement des astronautes de l&rsquo;ESA<\/a><\/li>\n<li><a href=\"http:\/\/blogs.esa.int\/luca-parmitano\/\">Le blog de Luca Parmitano<\/a><\/li>\n<li><a title=\"Le blog d'Alexander Gerst sur le site de l'ESA\" href=\"http:\/\/blogs.esa.int\/alexander-gerst\/\" target=\"_blank\">Le blog d&rsquo;Alexander Gerst<\/a><\/li>\n<\/ul>\n<p>Le journal de bord de Samantha se trouve sur <a href=\"https:\/\/plus.google.com\/+SamanthaCristoforetti\/posts\">son compte Google+<\/a>. Il peut \u00eatre retrouv\u00e9 gr\u00e2ce au mot-cl\u00e9 <a href=\"https:\/\/plus.google.com\/s\/%23SamLogbook\">#SamLogbook<\/a><\/p>\n<p>&nbsp;<\/p>\n<p><strong>Bonne lecture !<\/strong><\/p>\n","protected":false},"excerpt":{"rendered":"<p>Vous trouverez sous ce menu toutes les traductions des notes de blogs \u00e9crites par la promotion 2009 des astronautes de l&rsquo;ESA. Pour lire les articles depuis le d\u00e9but dans l&rsquo;ordre chronologique, passez par ce menu. Pour lire les derni\u00e8res traductions, passez par les cat\u00e9gories suivantes : Shenanigans Le\u00a0Blog de Luca\u00a0Parmitano Le\u00a0Journal de bord de Samantha\u00a0Cristoforetti Le Blog d&rsquo;Alexander Gerst Les articles peuvent \u00eatre lus dans leur version originale sur le site web de l&rsquo;ESA : Le blog de l&rsquo;entra\u00eenement des<\/p>\n","protected":false},"author":1,"featured_media":0,"parent":0,"menu_order":0,"comment_status":"closed","ping_status":"open","template":"","meta":{"footnotes":""},"class_list":["post-4929","page","type-page","status-publish","hentry"],"jetpack_shortlink":"https:\/\/wp.me\/P4aZXT-1hv","_links":{"self":[{"href":"https:\/\/spacetux.org\/cpamoa\/wp-json\/wp\/v2\/pages\/4929","targetHints":{"allow":["GET"]}}],"collection":[{"href":"https:\/\/spacetux.org\/cpamoa\/wp-json\/wp\/v2\/pages"}],"about":[{"href":"https:\/\/spacetux.org\/cpamoa\/wp-json\/wp\/v2\/types\/page"}],"author":[{"embeddable":true,"href":"https:\/\/spacetux.org\/cpamoa\/wp-json\/wp\/v2\/users\/1"}],"replies":[{"embeddable":true,"href":"https:\/\/spacetux.org\/cpamoa\/wp-json\/wp\/v2\/comments?post=4929"}],"version-history":[{"count":9,"href":"https:\/\/spacetux.org\/cpamoa\/wp-json\/wp\/v2\/pages\/4929\/revisions"}],"predecessor-version":[{"id":6878,"href":"https:\/\/spacetux.org\/cpamoa\/wp-json\/wp\/v2\/pages\/4929\/revisions\/6878"}],"wp:attachment":[{"href":"https:\/\/spacetux.org\/cpamoa\/wp-json\/wp\/v2\/media?parent=4929"}],"curies":[{"name":"wp","href":"https:\/\/api.w.org\/{rel}","templated":true}]}}