{"id":6,"date":"2011-09-13T08:59:39","date_gmt":"2011-09-13T08:59:39","guid":{"rendered":"http:\/\/localhost\/blog\/?page_id=2"},"modified":"2014-02-11T15:35:57","modified_gmt":"2014-02-11T14:35:57","slug":"sample-page-2","status":"publish","type":"page","link":"https:\/\/spacetux.org\/cpamoa\/sample-page-2\/","title":{"rendered":"Bienvenue !"},"content":{"rendered":"<p>Tout ce qui se trouve au dessus de la t\u00eate m&rsquo;int\u00e9resse, mais surtout les vols spatiaux, habit\u00e9s ou non. Lorsque j&rsquo;ai d\u00e9couvert d\u00e9but 2011 que l&rsquo;on pouvait observer les astronautes \u00e9voluer \u00e0 bord de la station spatiale internationale, via NASA TV, cela a \u00e9t\u00e9 un moment magique. Pendant plusieurs jours je suis rest\u00e9e scotch\u00e9 \u00e0 ces images. Cela correspondait \u00e0 la p\u00e9riode o\u00f9 l&rsquo;ESA et Arianespace ont lanc\u00e9 l&rsquo;<a title=\"ATV2 Johannes Kepler\" href=\"http:\/\/en.wikipedia.org\/wiki\/Johannes_Kepler_ATV\" target=\"_blank\">ATV2 Johannes Kepler<\/a> et o\u00f9 la navette spatiale Discovery volait pour la derni\u00e8re fois avec les membres d&rsquo;\u00e9quipage de la mission STS133 \u00e0 son bord.<\/p>\n<p>Cet int\u00e9r\u00eat pour l&rsquo;espace n&rsquo;est pourtant pas nouveau. A l&rsquo;\u00e2ge de 7 ou 8 ans j&rsquo;ai souvenir d&rsquo;avoir d\u00e9vor\u00e9 une encyclop\u00e9die spatiale. Je m&rsquo;y int\u00e9ressais d\u00e9j\u00e0 un peu et il m&rsquo;\u00e9tait arriv\u00e9 d&rsquo;observer les constellations certains soirs d&rsquo;\u00e9t\u00e9, une carte du ciel \u00e0 la main. En grandissant j&rsquo;ai un peu perdu de vue ce plaisir. Je le regrette maintenant. Tant de temps perdu&#8230; Je regretterai surtout de n&rsquo;avoir pu assister \u00e0 un d\u00e9collage de navette spatiale.<\/p>\n<p>Il s&rsquo;est pourtant rappel\u00e9 \u00e0 moi, ce plaisir, un certain matin d&rsquo;\u00e9t\u00e9 de 1999 lorsque mon mari et moi sommes all\u00e9s observer l&rsquo;\u00e9clipse totale de soleil sur la ligne de centralit\u00e9. Partant au petit jour, un t\u00e9l\u00e9scope \u00e0 l&rsquo;arri\u00e8re de la voiture. Tant d&rsquo;\u00e9motions au moment de la totalit\u00e9, je m&rsquo;en rappelle comme si c&rsquo;\u00e9tait hier.<\/p>\n<p>Il s&rsquo;est \u00e9galement rappel\u00e9 \u00e0 moi au cours de la derni\u00e8re&nbsp;d\u00e9cennie, lorsque nous observions le ciel depuis notre lieu de vacances \u00e0 la campagne, chaque ann\u00e9e au moment des pers\u00e9ides. Mais une fois rentr\u00e9e \u00e0 la maison, je passais \u00e0 autre chose jusqu&rsquo;\u00e0 l&rsquo;ann\u00e9e suivante.<\/p>\n<p>Bonjour, je m&rsquo;appelle Anne, je suis maman au foyer d&rsquo;une petite fille de 8 ans, expatri\u00e9e \u00e0 Munich, ancienne informaticienne et nouvelle space-addict. <\/p>\n","protected":false},"excerpt":{"rendered":"<p>Tout ce qui se trouve au dessus de la t\u00eate m&rsquo;int\u00e9resse, mais surtout les vols spatiaux, habit\u00e9s ou non. Lorsque j&rsquo;ai d\u00e9couvert d\u00e9but 2011 que l&rsquo;on pouvait observer les astronautes \u00e9voluer \u00e0 bord de la station spatiale internationale, via NASA TV, cela a \u00e9t\u00e9 un moment magique. Pendant plusieurs jours je suis rest\u00e9e scotch\u00e9 \u00e0 ces images. Cela correspondait \u00e0 la p\u00e9riode o\u00f9 l&rsquo;ESA et Arianespace ont lanc\u00e9 l&rsquo;ATV2 Johannes Kepler et o\u00f9 la navette spatiale Discovery volait pour la<\/p>\n","protected":false},"author":3,"featured_media":0,"parent":0,"menu_order":0,"comment_status":"open","ping_status":"closed","template":"","meta":{"footnotes":""},"class_list":["post-6","page","type-page","status-publish","hentry"],"jetpack_shortlink":"https:\/\/wp.me\/P4aZXT-6","_links":{"self":[{"href":"https:\/\/spacetux.org\/cpamoa\/wp-json\/wp\/v2\/pages\/6","targetHints":{"allow":["GET"]}}],"collection":[{"href":"https:\/\/spacetux.org\/cpamoa\/wp-json\/wp\/v2\/pages"}],"about":[{"href":"https:\/\/spacetux.org\/cpamoa\/wp-json\/wp\/v2\/types\/page"}],"author":[{"embeddable":true,"href":"https:\/\/spacetux.org\/cpamoa\/wp-json\/wp\/v2\/users\/3"}],"replies":[{"embeddable":true,"href":"https:\/\/spacetux.org\/cpamoa\/wp-json\/wp\/v2\/comments?post=6"}],"version-history":[{"count":3,"href":"https:\/\/spacetux.org\/cpamoa\/wp-json\/wp\/v2\/pages\/6\/revisions"}],"predecessor-version":[{"id":6659,"href":"https:\/\/spacetux.org\/cpamoa\/wp-json\/wp\/v2\/pages\/6\/revisions\/6659"}],"wp:attachment":[{"href":"https:\/\/spacetux.org\/cpamoa\/wp-json\/wp\/v2\/media?parent=6"}],"curies":[{"name":"wp","href":"https:\/\/api.w.org\/{rel}","templated":true}]}}